{"id":4730,"date":"2021-04-26T18:18:15","date_gmt":"2021-04-26T16:18:15","guid":{"rendered":"https:\/\/www.velurspa.com\/trajtime\/"},"modified":"2025-09-24T10:32:05","modified_gmt":"2025-09-24T08:32:05","slug":"treatments","status":"publish","type":"page","link":"https:\/\/www.velurspa.com\/en\/treatments\/","title":{"rendered":"Treatments"},"content":{"rendered":"\t\t<div data-elementor-type=\"wp-page\" data-elementor-id=\"4730\" class=\"elementor elementor-4730 elementor-246\" data-elementor-settings=\"{&quot;element_pack_global_tooltip_width&quot;:{&quot;unit&quot;:&quot;px&quot;,&quot;size&quot;:&quot;&quot;,&quot;sizes&quot;:[]},&quot;element_pack_global_tooltip_width_tablet&quot;:{&quot;unit&quot;:&quot;px&quot;,&quot;size&quot;:&quot;&quot;,&quot;sizes&quot;:[]},&quot;element_pack_global_tooltip_width_mobile&quot;:{&quot;unit&quot;:&quot;px&quot;,&quot;size&quot;:&quot;&quot;,&quot;sizes&quot;:[]},&quot;element_pack_global_tooltip_padding&quot;:{&quot;unit&quot;:&quot;px&quot;,&quot;top&quot;:&quot;&quot;,&quot;right&quot;:&quot;&quot;,&quot;bottom&quot;:&quot;&quot;,&quot;left&quot;:&quot;&quot;,&quot;isLinked&quot;:true},&quot;element_pack_global_tooltip_padding_tablet&quot;:{&quot;unit&quot;:&quot;px&quot;,&quot;top&quot;:&quot;&quot;,&quot;right&quot;:&quot;&quot;,&quot;bottom&quot;:&quot;&quot;,&quot;left&quot;:&quot;&quot;,&quot;isLinked&quot;:true},&quot;element_pack_global_tooltip_padding_mobile&quot;:{&quot;unit&quot;:&quot;px&quot;,&quot;top&quot;:&quot;&quot;,&quot;right&quot;:&quot;&quot;,&quot;bottom&quot;:&quot;&quot;,&quot;left&quot;:&quot;&quot;,&quot;isLinked&quot;:true},&quot;element_pack_global_tooltip_border_radius&quot;:{&quot;unit&quot;:&quot;px&quot;,&quot;top&quot;:&quot;&quot;,&quot;right&quot;:&quot;&quot;,&quot;bottom&quot;:&quot;&quot;,&quot;left&quot;:&quot;&quot;,&quot;isLinked&quot;:true},&quot;element_pack_global_tooltip_border_radius_tablet&quot;:{&quot;unit&quot;:&quot;px&quot;,&quot;top&quot;:&quot;&quot;,&quot;right&quot;:&quot;&quot;,&quot;bottom&quot;:&quot;&quot;,&quot;left&quot;:&quot;&quot;,&quot;isLinked&quot;:true},&quot;element_pack_global_tooltip_border_radius_mobile&quot;:{&quot;unit&quot;:&quot;px&quot;,&quot;top&quot;:&quot;&quot;,&quot;right&quot;:&quot;&quot;,&quot;bottom&quot;:&quot;&quot;,&quot;left&quot;:&quot;&quot;,&quot;isLinked&quot;:true}}\" data-elementor-post-type=\"page\">\n\t\t\t\t<div class=\"elementor-element elementor-element-214700c e-flex e-con-boxed e-con e-parent\" data-id=\"214700c\" data-element_type=\"container\" data-e-type=\"container\" data-settings=\"{&quot;background_background&quot;:&quot;classic&quot;}\">\n\t\t\t\t\t<div class=\"e-con-inner\">\n\t\t<div class=\"elementor-element elementor-element-ea4af35 e-con-full e-flex e-con e-child\" data-id=\"ea4af35\" data-element_type=\"container\" data-e-type=\"container\">\n\t\t\t\t<div class=\"elementor-element elementor-element-f3b0b59 elementor-widget elementor-widget-heading\" data-id=\"f3b0b59\" data-element_type=\"widget\" data-e-type=\"widget\" data-widget_type=\"heading.default\">\n\t\t\t\t<div class=\"elementor-widget-container\">\n\t\t\t\t\t<h1 class=\"elementor-heading-title elementor-size-default\">Treatments<\/h1>\t\t\t\t<\/div>\n\t\t\t\t<\/div>\n\t\t\t\t<div class=\"elementor-element elementor-element-e3d2c88 elementor-widget__width-initial elementor-widget elementor-widget-text-editor\" data-id=\"e3d2c88\" data-element_type=\"widget\" data-e-type=\"widget\" data-widget_type=\"text-editor.default\">\n\t\t\t\t<div class=\"elementor-widget-container\">\n\t\t\t\t\t\t\t\t\t<p>Book now<\/p>\t\t\t\t\t\t\t\t<\/div>\n\t\t\t\t<\/div>\n\t\t\t\t<\/div>\n\t\t\t\t\t<\/div>\n\t\t\t\t<\/div>\n\t\t<div class=\"elementor-element elementor-element-c7345ba e-flex e-con-boxed e-con e-parent\" data-id=\"c7345ba\" data-element_type=\"container\" data-e-type=\"container\">\n\t\t\t\t\t<div class=\"e-con-inner\">\n\t\t<div class=\"elementor-element elementor-element-45ab02c e-con-full e-flex e-con e-child\" data-id=\"45ab02c\" data-element_type=\"container\" data-e-type=\"container\">\n\t\t\t\t<div class=\"elementor-element elementor-element-a1d41f1 elementor-widget elementor-widget-heading\" data-id=\"a1d41f1\" data-element_type=\"widget\" data-e-type=\"widget\" data-widget_type=\"heading.default\">\n\t\t\t\t<div class=\"elementor-widget-container\">\n\t\t\t\t\t<h2 class=\"elementor-heading-title elementor-size-default\">Book Now<\/h2>\t\t\t\t<\/div>\n\t\t\t\t<\/div>\n\t\t\t\t<div class=\"elementor-element elementor-element-5c42315 elementor-widget elementor-widget-html\" data-id=\"5c42315\" data-element_type=\"widget\" data-e-type=\"widget\" data-widget_type=\"html.default\">\n\t\t\t\t<div class=\"elementor-widget-container\">\n\t\t\t\t\t<!--\nPlugin Name: Bookly - Responsive WordPress Appointment Booking and Scheduling Plugin\nPlugin URI: https:\/\/www.booking-wp-plugin.com\/?utm_source=bookly_admin&utm_medium=plugins_page&utm_campaign=plugins_page\nVersion: 27.4-->\n<style type=\"text\/css\">\n    :root {\n        --bookly-main-color: #719e44 !important;\n        --bookly-color: #719e44 !important;\n    }\n\n        .bookly-form .bookly-category-info, .bookly-form .bookly-service-info, .bookly-form .bookly-staff-info {\n    margin-top: 10px;\n    text-align: right !important;\n    margin-right: 20px !important;\n    font-size: 18px !important;\n}    <\/style><div class=\"bookly-css-root\">\n    <div id=\"bookly-form-container-69e7320c477cc\" class=\"bookly-form\" data-form_id=\"\" aria-live=\"polite\">\n        <div style=\"text-align: center\"><img decoding=\"async\" src=\"https:\/\/www.velurspa.com\/wp-includes\/js\/tinymce\/skins\/lightgray\/img\/loader.gif\" alt=\"Loading...\"\/><\/div>\n    <\/div>\n<\/div>\n<script type=\"text\/javascript\">\n    (function (win, fn) {\n        var done = false, top = true,\n            doc = win.document,\n            root = doc.documentElement,\n            modern = doc.addEventListener,\n            add = modern ? 'addEventListener' : 'attachEvent',\n            rem = modern ? 'removeEventListener' : 'detachEvent',\n            pre = modern ? '' : 'on',\n            init = function (e) {\n                if (e.type == 'readystatechange') if (doc.readyState != 'complete') return;\n                (e.type == 'load' ? win : doc)[rem](pre + e.type, init, false);\n                if (!done) {\n                    done = true;\n                    fn.call(win, e.type || e);\n                }\n            },\n            poll = function () {\n                try {\n                    root.doScroll('left');\n                } catch (e) {\n                    setTimeout(poll, 50);\n                    return;\n                }\n                init('poll');\n            };\n        if (doc.readyState == 'complete') fn.call(win, 'lazy');\n        else {\n            if (!modern) if (root.doScroll) {\n                try {\n                    top = !win.frameElement;\n                } catch (e) {\n                }\n                if (top) poll();\n            }\n            doc[add](pre + 'DOMContentLoaded', init, false);\n            doc[add](pre + 'readystatechange', init, false);\n            win[add](pre + 'load', init, false);\n        }\n    })(window, function () {\n        window.bookly( {\"form_id\":\"69e7320c477cc\",\"form_data\":{\"skip_service_step\":0,\"hide_service_part1\":0,\"hide_service_part2\":1,\"defaults\":{\"service_id\":0,\"staff_id\":1,\"location_id\":0,\"category_id\":0,\"units\":0,\"date_from\":0,\"time_from\":0,\"time_to\":0}},\"status\":{\"booking\":\"new\"},\"form_token\":null,\"skip_steps\":{\"service_part1\":0,\"service_part2\":1,\"extras\":1,\"time\":0,\"repeat\":1,\"cart\":1},\"errors\":{\"session_error\":\"Session error.\",\"form_id_error\":\"Form ID error.\",\"cart_item_not_available\":\"The set time is no longer available. Please select another time slot\\n.\",\"pay_locally_not_available\":\"Pay locally is not available.\",\"invalid_gateway\":\"Invalid gateway.\",\"payment_error\":\"Error.\",\"incorrect_username_password\":\"Incorrect username or password.\"},\"form_attributes\":{\"hide_categories\":false,\"hide_services\":false,\"hide_staff_members\":true,\"show_number_of_persons\":false,\"hide_service_duration\":true,\"hide_locations\":true,\"hide_quantity\":true,\"hide_date\":true,\"hide_week_days\":true,\"hide_time_range\":true},\"use_client_time_zone\":0,\"defaults\":{\"service_id\":0,\"staff_id\":1,\"location_id\":0,\"category_id\":0},\"datepicker_mode\":\"text-accent\",\"facebook\":{\"enabled\":0,\"appId\":\"\"}} );\n    });\n<\/script>\t\t\t\t<\/div>\n\t\t\t\t<\/div>\n\t\t\t\t<\/div>\n\t\t\t\t\t<\/div>\n\t\t\t\t<\/div>\n\t\t\t\t<section class=\"elementor-section elementor-top-section elementor-element elementor-element-ab8f5e4 elementor-section-content-middle elementor-hidden-desktop elementor-hidden-tablet elementor-hidden-mobile elementor-section-boxed elementor-section-height-default elementor-section-height-default\" data-id=\"ab8f5e4\" data-element_type=\"section\" data-e-type=\"section\" data-settings=\"{&quot;background_background&quot;:&quot;classic&quot;}\">\n\t\t\t\t\t\t<div class=\"elementor-container elementor-column-gap-extended\">\n\t\t\t\t\t<div class=\"elementor-column elementor-col-100 elementor-top-column elementor-element elementor-element-4f2dfc4\" data-id=\"4f2dfc4\" data-element_type=\"column\" data-e-type=\"column\">\n\t\t\t<div class=\"elementor-widget-wrap elementor-element-populated\">\n\t\t\t\t\t\t<div class=\"elementor-element elementor-element-98e0c10 elementor-widget elementor-widget-heading\" data-id=\"98e0c10\" data-element_type=\"widget\" data-e-type=\"widget\" data-widget_type=\"heading.default\">\n\t\t\t\t<div class=\"elementor-widget-container\">\n\t\t\t\t\t<h2 class=\"elementor-heading-title elementor-size-default\">Pasqyr\u00eb e \u00e7mimeve<\/h2>\t\t\t\t<\/div>\n\t\t\t\t<\/div>\n\t\t\t\t<div class=\"elementor-element elementor-element-19c34b9 elementor-widget elementor-widget-text-editor\" data-id=\"19c34b9\" data-element_type=\"widget\" data-e-type=\"widget\" data-widget_type=\"text-editor.default\">\n\t\t\t\t<div class=\"elementor-widget-container\">\n\t\t\t\t\t\t\t\t\t<p>Listimi i \u00e7mimeve&#8230;<\/p>\t\t\t\t\t\t\t\t<\/div>\n\t\t\t\t<\/div>\n\t\t\t\t\t<\/div>\n\t\t<\/div>\n\t\t\t\t\t<\/div>\n\t\t<\/section>\n\t\t        \t\t<\/div>\n\t\t","protected":false},"excerpt":{"rendered":"<p>Treatments Book now Book Now Pasqyr\u00eb e \u00e7mimeve Listimi i \u00e7mimeve&#8230;<\/p>\n","protected":false},"author":1,"featured_media":0,"parent":0,"menu_order":3,"comment_status":"closed","ping_status":"closed","template":"","meta":{"_acf_changed":false,"footnotes":""},"class_list":["post-4730","page","type-page","status-publish","hentry"],"acf":[],"yoast_head":"<!-- This site is optimized with the Yoast SEO plugin v27.4 - https:\/\/yoast.com\/product\/yoast-seo-wordpress\/ -->\n<title>Treatments - Massage Tirana<\/title>\n<meta name=\"robots\" content=\"index, follow, max-snippet:-1, max-image-preview:large, max-video-preview:-1\" \/>\n<link rel=\"canonical\" href=\"https:\/\/www.velurspa.com\/en\/treatments\/\" \/>\n<meta property=\"og:locale\" content=\"en_US\" \/>\n<meta property=\"og:type\" content=\"article\" \/>\n<meta property=\"og:title\" content=\"Treatments - Massage Tirana\" \/>\n<meta property=\"og:description\" content=\"Treatments Book now Book Now Pasqyr\u00eb e \u00e7mimeve Listimi i \u00e7mimeve&#8230;\" \/>\n<meta property=\"og:url\" content=\"https:\/\/www.velurspa.com\/en\/treatments\/\" \/>\n<meta property=\"og:site_name\" content=\"Massage Tirana\" \/>\n<meta property=\"article:publisher\" content=\"https:\/\/www.facebook.com\/VelurSpaTirana\" \/>\n<meta property=\"article:modified_time\" content=\"2025-09-24T08:32:05+00:00\" \/>\n<meta property=\"og:image\" content=\"https:\/\/www.velurspa.com\/wp-content\/uploads\/2025\/03\/Velur-Massage-Tirana_004-1.jpg\" \/>\n\t<meta property=\"og:image:width\" content=\"2200\" \/>\n\t<meta property=\"og:image:height\" content=\"1067\" \/>\n\t<meta property=\"og:image:type\" content=\"image\/jpeg\" \/>\n<meta name=\"twitter:card\" content=\"summary_large_image\" \/>\n<meta name=\"twitter:label1\" content=\"Est. reading time\" \/>\n\t<meta name=\"twitter:data1\" content=\"1 minute\" \/>\n<script type=\"application\/ld+json\" class=\"yoast-schema-graph\">{\"@context\":\"https:\\\/\\\/schema.org\",\"@graph\":[{\"@type\":\"WebPage\",\"@id\":\"https:\\\/\\\/www.velurspa.com\\\/en\\\/treatments\\\/\",\"url\":\"https:\\\/\\\/www.velurspa.com\\\/en\\\/treatments\\\/\",\"name\":\"Treatments - Massage Tirana\",\"isPartOf\":{\"@id\":\"https:\\\/\\\/www.velurspa.com\\\/en\\\/#website\"},\"datePublished\":\"2021-04-26T16:18:15+00:00\",\"dateModified\":\"2025-09-24T08:32:05+00:00\",\"breadcrumb\":{\"@id\":\"https:\\\/\\\/www.velurspa.com\\\/en\\\/treatments\\\/#breadcrumb\"},\"inLanguage\":\"en-US\",\"potentialAction\":[{\"@type\":\"ReadAction\",\"target\":[\"https:\\\/\\\/www.velurspa.com\\\/en\\\/treatments\\\/\"]}]},{\"@type\":\"BreadcrumbList\",\"@id\":\"https:\\\/\\\/www.velurspa.com\\\/en\\\/treatments\\\/#breadcrumb\",\"itemListElement\":[{\"@type\":\"ListItem\",\"position\":1,\"name\":\"Startseite\",\"item\":\"https:\\\/\\\/www.velurspa.com\\\/en\\\/\"},{\"@type\":\"ListItem\",\"position\":2,\"name\":\"Treatments\"}]},{\"@type\":\"WebSite\",\"@id\":\"https:\\\/\\\/www.velurspa.com\\\/en\\\/#website\",\"url\":\"https:\\\/\\\/www.velurspa.com\\\/en\\\/\",\"name\":\"Massage Tirana\",\"description\":\"Velur Spa\",\"publisher\":{\"@id\":\"https:\\\/\\\/www.velurspa.com\\\/en\\\/#organization\"},\"alternateName\":\"Velur Spa Tirana\",\"potentialAction\":[{\"@type\":\"SearchAction\",\"target\":{\"@type\":\"EntryPoint\",\"urlTemplate\":\"https:\\\/\\\/www.velurspa.com\\\/en\\\/?s={search_term_string}\"},\"query-input\":{\"@type\":\"PropertyValueSpecification\",\"valueRequired\":true,\"valueName\":\"search_term_string\"}}],\"inLanguage\":\"en-US\"},{\"@type\":\"Organization\",\"@id\":\"https:\\\/\\\/www.velurspa.com\\\/en\\\/#organization\",\"name\":\"Massage Tirana\",\"url\":\"https:\\\/\\\/www.velurspa.com\\\/en\\\/\",\"logo\":{\"@type\":\"ImageObject\",\"inLanguage\":\"en-US\",\"@id\":\"https:\\\/\\\/www.velurspa.com\\\/en\\\/#\\\/schema\\\/logo\\\/image\\\/\",\"url\":\"https:\\\/\\\/www.velurspa.com\\\/wp-content\\\/uploads\\\/2021\\\/05\\\/logo.png\",\"contentUrl\":\"https:\\\/\\\/www.velurspa.com\\\/wp-content\\\/uploads\\\/2021\\\/05\\\/logo.png\",\"width\":600,\"height\":342,\"caption\":\"Massage Tirana\"},\"image\":{\"@id\":\"https:\\\/\\\/www.velurspa.com\\\/en\\\/#\\\/schema\\\/logo\\\/image\\\/\"},\"sameAs\":[\"https:\\\/\\\/www.facebook.com\\\/VelurSpaTirana\",\"https:\\\/\\\/www.instagram.com\\\/velur.spa\\\/\"]}]}<\/script>\n<!-- \/ Yoast SEO plugin. -->","yoast_head_json":{"title":"Treatments - Massage Tirana","robots":{"index":"index","follow":"follow","max-snippet":"max-snippet:-1","max-image-preview":"max-image-preview:large","max-video-preview":"max-video-preview:-1"},"canonical":"https:\/\/www.velurspa.com\/en\/treatments\/","og_locale":"en_US","og_type":"article","og_title":"Treatments - Massage Tirana","og_description":"Treatments Book now Book Now Pasqyr\u00eb e \u00e7mimeve Listimi i \u00e7mimeve&#8230;","og_url":"https:\/\/www.velurspa.com\/en\/treatments\/","og_site_name":"Massage Tirana","article_publisher":"https:\/\/www.facebook.com\/VelurSpaTirana","article_modified_time":"2025-09-24T08:32:05+00:00","og_image":[{"width":2200,"height":1067,"url":"https:\/\/www.velurspa.com\/wp-content\/uploads\/2025\/03\/Velur-Massage-Tirana_004-1.jpg","type":"image\/jpeg"}],"twitter_card":"summary_large_image","twitter_misc":{"Est. reading time":"1 minute"},"schema":{"@context":"https:\/\/schema.org","@graph":[{"@type":"WebPage","@id":"https:\/\/www.velurspa.com\/en\/treatments\/","url":"https:\/\/www.velurspa.com\/en\/treatments\/","name":"Treatments - Massage Tirana","isPartOf":{"@id":"https:\/\/www.velurspa.com\/en\/#website"},"datePublished":"2021-04-26T16:18:15+00:00","dateModified":"2025-09-24T08:32:05+00:00","breadcrumb":{"@id":"https:\/\/www.velurspa.com\/en\/treatments\/#breadcrumb"},"inLanguage":"en-US","potentialAction":[{"@type":"ReadAction","target":["https:\/\/www.velurspa.com\/en\/treatments\/"]}]},{"@type":"BreadcrumbList","@id":"https:\/\/www.velurspa.com\/en\/treatments\/#breadcrumb","itemListElement":[{"@type":"ListItem","position":1,"name":"Startseite","item":"https:\/\/www.velurspa.com\/en\/"},{"@type":"ListItem","position":2,"name":"Treatments"}]},{"@type":"WebSite","@id":"https:\/\/www.velurspa.com\/en\/#website","url":"https:\/\/www.velurspa.com\/en\/","name":"Massage Tirana","description":"Velur Spa","publisher":{"@id":"https:\/\/www.velurspa.com\/en\/#organization"},"alternateName":"Velur Spa Tirana","potentialAction":[{"@type":"SearchAction","target":{"@type":"EntryPoint","urlTemplate":"https:\/\/www.velurspa.com\/en\/?s={search_term_string}"},"query-input":{"@type":"PropertyValueSpecification","valueRequired":true,"valueName":"search_term_string"}}],"inLanguage":"en-US"},{"@type":"Organization","@id":"https:\/\/www.velurspa.com\/en\/#organization","name":"Massage Tirana","url":"https:\/\/www.velurspa.com\/en\/","logo":{"@type":"ImageObject","inLanguage":"en-US","@id":"https:\/\/www.velurspa.com\/en\/#\/schema\/logo\/image\/","url":"https:\/\/www.velurspa.com\/wp-content\/uploads\/2021\/05\/logo.png","contentUrl":"https:\/\/www.velurspa.com\/wp-content\/uploads\/2021\/05\/logo.png","width":600,"height":342,"caption":"Massage Tirana"},"image":{"@id":"https:\/\/www.velurspa.com\/en\/#\/schema\/logo\/image\/"},"sameAs":["https:\/\/www.facebook.com\/VelurSpaTirana","https:\/\/www.instagram.com\/velur.spa\/"]}]}},"_links":{"self":[{"href":"https:\/\/www.velurspa.com\/en\/wp-json\/wp\/v2\/pages\/4730","targetHints":{"allow":["GET"]}}],"collection":[{"href":"https:\/\/www.velurspa.com\/en\/wp-json\/wp\/v2\/pages"}],"about":[{"href":"https:\/\/www.velurspa.com\/en\/wp-json\/wp\/v2\/types\/page"}],"author":[{"embeddable":true,"href":"https:\/\/www.velurspa.com\/en\/wp-json\/wp\/v2\/users\/1"}],"replies":[{"embeddable":true,"href":"https:\/\/www.velurspa.com\/en\/wp-json\/wp\/v2\/comments?post=4730"}],"version-history":[{"count":3,"href":"https:\/\/www.velurspa.com\/en\/wp-json\/wp\/v2\/pages\/4730\/revisions"}],"predecessor-version":[{"id":5554,"href":"https:\/\/www.velurspa.com\/en\/wp-json\/wp\/v2\/pages\/4730\/revisions\/5554"}],"wp:attachment":[{"href":"https:\/\/www.velurspa.com\/en\/wp-json\/wp\/v2\/media?parent=4730"}],"curies":[{"name":"wp","href":"https:\/\/api.w.org\/{rel}","templated":true}]}}